{"id":7,"date":"2021-07-12T11:03:39","date_gmt":"2021-07-12T11:03:39","guid":{"rendered":"https:\/\/hidrotekrekor.com\/?page_id=7"},"modified":"2021-07-12T14:16:46","modified_gmt":"2021-07-12T14:16:46","slug":"anasayfa","status":"publish","type":"page","link":"https:\/\/hidrotekrekor.com\/","title":{"rendered":"Anasayfa"},"content":{"rendered":"<p>[et_pb_section fb_built=&#8221;1&#8243; admin_label=&#8221;Gallery&#8221; _builder_version=&#8221;4.4.9&#8243; custom_margin=&#8221;-33px|||||&#8221; custom_padding=&#8221;15px||41px|||&#8221; hover_enabled=&#8221;0&#8243; use_background_color_gradient=&#8221;on&#8221; title_text=&#8221;general-bg&#8221; background_image=&#8221;https:\/\/hidrotekrekor.com\/wp-content\/uploads\/2021\/07\/general-bg.jpg&#8221;][et_pb_row _builder_version=&#8221;3.25&#8243; background_size=&#8221;initial&#8221; background_position=&#8221;top_left&#8221; background_repeat=&#8221;repeat&#8221; custom_margin=&#8221;|auto|14px|auto||&#8221; custom_padding=&#8221;||8px|||&#8221;][et_pb_column type=&#8221;4_4&#8243; _builder_version=&#8221;3.25&#8243; custom_padding=&#8221;|||&#8221; custom_padding__hover=&#8221;|||&#8221;][et_pb_image src=&#8221;https:\/\/hidrotekrekor.com\/wp-content\/uploads\/2021\/07\/hidrotekrekor-logo.jpg&#8221; title_text=&#8221;hidrotekrekor-logo&#8221; align=&#8221;center&#8221; _builder_version=&#8221;4.4.9&#8243; custom_margin=&#8221;19px||22px|||&#8221;][\/et_pb_image][et_pb_divider color=&#8221;#4866ff&#8221; divider_weight=&#8221;3px&#8221; _builder_version=&#8221;3.2&#8243; max_width=&#8221;100px&#8221; module_alignment=&#8221;center&#8221; animation_style=&#8221;zoom&#8221; animation_direction=&#8221;left&#8221;][\/et_pb_divider][\/et_pb_column][\/et_pb_row][et_pb_row _builder_version=&#8221;4.4.9&#8243; custom_padding=&#8221;21px|||||&#8221; custom_margin=&#8221;-27px|auto||auto||&#8221;][et_pb_column type=&#8221;4_4&#8243; _builder_version=&#8221;4.4.9&#8243;][et_pb_gallery gallery_ids=&#8221;31,18,19,20,21,22,23,24,25,26,28,30,34&#8243; posts_number=&#8221;8&#8243; orientation=&#8221;portrait&#8221; show_title_and_caption=&#8221;off&#8221; _builder_version=&#8221;4.4.9&#8243;][\/et_pb_gallery][et_pb_text _builder_version=&#8221;4.4.9&#8243;]<\/p>\n<p style=\"text-align: center;\"><strong>Adres: \u00c7al\u0131k Halil Mh. Kanal Cd. No:3 Nil\u00fcfer\/Bursa<\/strong><br \/> <strong>Tel: <a href=\"tel:+902244822030\">0224 482 2030<\/a><\/strong><\/p>\n<p>[\/et_pb_text][\/et_pb_column][\/et_pb_row][et_pb_row _builder_version=&#8221;3.25&#8243; custom_margin=&#8221;15px|||&#8221;][et_pb_column type=&#8221;4_4&#8243; _builder_version=&#8221;3.25&#8243; custom_padding=&#8221;|||&#8221; custom_padding__hover=&#8221;|||&#8221;][et_pb_social_media_follow _builder_version=&#8221;3.0.105&#8243; text_orientation=&#8221;center&#8221;][et_pb_social_media_follow_network social_network=&#8221;facebook&#8221; _builder_version=&#8221;3.0.105&#8243; background_color=&#8221;#405ce6&#8243; custom_margin=&#8221;|10px||10px&#8221; custom_padding=&#8221;14px|14px|14px|14px&#8221; border_radii=&#8221;on|100px|100px|100px|100px&#8221; follow_button=&#8221;off&#8221; url_new_window=&#8221;on&#8221;]facebook[\/et_pb_social_media_follow_network][et_pb_social_media_follow_network social_network=&#8221;twitter&#8221; _builder_version=&#8221;3.0.105&#8243; background_color=&#8221;#00aced&#8221; custom_margin=&#8221;|10px||10px&#8221; custom_padding=&#8221;14px|14px|14px|14px&#8221; border_radii=&#8221;on|100px|100px|100px|100px&#8221; follow_button=&#8221;off&#8221; url_new_window=&#8221;on&#8221;]twitter[\/et_pb_social_media_follow_network][et_pb_social_media_follow_network social_network=&#8221;instagram&#8221; _builder_version=&#8221;3.0.105&#8243; background_color=&#8221;#ea2c59&#8243; custom_margin=&#8221;|10px||10px&#8221; custom_padding=&#8221;14px|14px|14px|14px&#8221; border_radii=&#8221;on|100px|100px|100px|100px&#8221; follow_button=&#8221;off&#8221; url_new_window=&#8221;on&#8221;]instagram[\/et_pb_social_media_follow_network][\/et_pb_social_media_follow][\/et_pb_column][\/et_pb_row][\/et_pb_section]<\/p>\n","protected":false},"excerpt":{"rendered":"<p>[et_pb_section fb_built=&#8221;1&#8243; admin_label=&#8221;Gallery&#8221; _builder_version=&#8221;4.4.9&#8243; custom_margin=&#8221;-33px|||||&#8221; custom_padding=&#8221;15px||41px|||&#8221; hover_enabled=&#8221;0&#8243; use_background_color_gradient=&#8221;on&#8221; title_text=&#8221;general-bg&#8221; background_image=&#8221;https:\/\/hidrotekrekor.com\/wp-content\/uploads\/2021\/07\/general-bg.jpg&#8221;][et_pb_row _builder_version=&#8221;3.25&#8243; background_size=&#8221;initial&#8221; background_position=&#8221;top_left&#8221; background_repeat=&#8221;repeat&#8221; custom_margin=&#8221;|auto|14px|auto||&#8221; custom_padding=&#8221;||8px|||&#8221;][et_pb_column type=&#8221;4_4&#8243; _builder_version=&#8221;3.25&#8243; custom_padding=&#8221;|||&#8221; custom_padding__hover=&#8221;|||&#8221;][et_pb_image src=&#8221;https:\/\/hidrotekrekor.com\/wp-content\/uploads\/2021\/07\/hidrotekrekor-logo.jpg&#8221; title_text=&#8221;hidrotekrekor-logo&#8221; align=&#8221;center&#8221; _builder_version=&#8221;4.4.9&#8243; custom_margin=&#8221;19px||22px|||&#8221;][\/et_pb_image][et_pb_divider color=&#8221;#4866ff&#8221; divider_weight=&#8221;3px&#8221; _builder_version=&#8221;3.2&#8243; max_width=&#8221;100px&#8221; module_alignment=&#8221;center&#8221; animation_style=&#8221;zoom&#8221; animation_direction=&#8221;left&#8221;][\/et_pb_divider][\/et_pb_column][\/et_pb_row][et_pb_row _builder_version=&#8221;4.4.9&#8243; custom_padding=&#8221;21px|||||&#8221; custom_margin=&#8221;-27px|auto||auto||&#8221;][et_pb_column type=&#8221;4_4&#8243; _builder_version=&#8221;4.4.9&#8243;][et_pb_gallery gallery_ids=&#8221;31,18,19,20,21,22,23,24,25,26,28,30,34&#8243; posts_number=&#8221;8&#8243; orientation=&#8221;portrait&#8221; show_title_and_caption=&#8221;off&#8221; _builder_version=&#8221;4.4.9&#8243;][\/et_pb_gallery][et_pb_text _builder_version=&#8221;4.4.9&#8243;] Adres: \u00c7al\u0131k Halil Mh. Kanal Cd. No:3 Nil\u00fcfer\/Bursa Tel: 0224 482 2030 [&hellip;]<\/p>\n","protected":false},"author":1,"featured_media":46,"parent":0,"menu_order":0,"comment_status":"closed","ping_status":"closed","template":"page-template-blank.php","meta":{"_et_pb_use_builder":"on","_et_pb_old_content":"","_et_gb_content_width":"","footnotes":""},"class_list":["post-7","page","type-page","status-publish","has-post-thumbnail","hentry"],"_links":{"self":[{"href":"https:\/\/hidrotekrekor.com\/index.php?rest_route=\/wp\/v2\/pages\/7","targetHints":{"allow":["GET"]}}],"collection":[{"href":"https:\/\/hidrotekrekor.com\/index.php?rest_route=\/wp\/v2\/pages"}],"about":[{"href":"https:\/\/hidrotekrekor.com\/index.php?rest_route=\/wp\/v2\/types\/page"}],"author":[{"embeddable":true,"href":"https:\/\/hidrotekrekor.com\/index.php?rest_route=\/wp\/v2\/users\/1"}],"replies":[{"embeddable":true,"href":"https:\/\/hidrotekrekor.com\/index.php?rest_route=%2Fwp%2Fv2%2Fcomments&post=7"}],"version-history":[{"count":13,"href":"https:\/\/hidrotekrekor.com\/index.php?rest_route=\/wp\/v2\/pages\/7\/revisions"}],"predecessor-version":[{"id":50,"href":"https:\/\/hidrotekrekor.com\/index.php?rest_route=\/wp\/v2\/pages\/7\/revisions\/50"}],"wp:featuredmedia":[{"embeddable":true,"href":"https:\/\/hidrotekrekor.com\/index.php?rest_route=\/wp\/v2\/media\/46"}],"wp:attachment":[{"href":"https:\/\/hidrotekrekor.com\/index.php?rest_route=%2Fwp%2Fv2%2Fmedia&parent=7"}],"curies":[{"name":"wp","href":"https:\/\/api.w.org\/{rel}","templated":true}]}}